{"id":10,"date":"2016-03-25T14:32:16","date_gmt":"2016-03-25T13:32:16","guid":{"rendered":"http:\/\/quantumhair.de\/?page_id=10"},"modified":"2017-05-02T17:26:00","modified_gmt":"2017-05-02T15:26:00","slug":"oeffnungszeiten","status":"publish","type":"page","link":"https:\/\/quantumhair.de\/?page_id=10","title":{"rendered":"\u00d6ffnungszeiten"},"content":{"rendered":"<p style=\"text-align: center;\"><strong>unsere Rahmen\u00f6ffnungszeiten sind:<\/strong><\/p>\n<p style=\"text-align: center;\"><strong>Montag &#8211; Freitag <\/strong><\/p>\n<p style=\"text-align: center;\">10 Uhr &#8211; 13Uhr<\/p>\n<p style=\"text-align: center;\">15 Uhr -19Uhr<\/p>\n<p style=\"text-align: center;\"><strong>Samstag <\/strong><\/p>\n<p style=\"text-align: center;\">10 Uhr &#8211; 14Uhr<\/p>\n<p>Wir arbeiten <em>Zeit und Raum unabh\u00e4ngig<\/em> und versuchen immer und \u00fcberall f\u00fcr Sie da zu sein, so ist es m\u00f6glich auch au\u00dferhalb dieses Rahmens Termine zu vereinbaren. Bedauerlicher Weise kann es also vorkommen, dass wir auch in diesem Zeitrahmen nicht vor Ort sein k\u00f6nnen und bitten um Verst\u00e4ndnis, wenn sie uns nicht angetroffen haben. Sie haben jedoch rund um die Uhr die M\u00f6glichkeit uns auf unterschiedlichsten Wegen zu erreichen und Ihren individuellen Termin zu vereinbaren.<\/p>\n<p>&nbsp;<\/p>\n","protected":false},"excerpt":{"rendered":"<p>unsere Rahmen\u00f6ffnungszeiten sind: Montag &#8211; Freitag 10 Uhr &#8211; 13Uhr 15 Uhr -19Uhr Samstag 10 Uhr &#8211; 14Uhr Wir arbeiten Zeit und Raum unabh\u00e4ngig und versuchen immer und \u00fcberall f\u00fcr Sie da zu sein, so ist es m\u00f6glich auch au\u00dferhalb dieses Rahmens Termine zu vereinbaren. Bedauerlicher Weise kann es also vorkommen, dass wir auch in<a href=\"https:\/\/quantumhair.de\/?page_id=10\">[&#8230;]<\/a><\/p>\n","protected":false},"author":1,"featured_media":0,"parent":0,"menu_order":0,"comment_status":"closed","ping_status":"closed","template":"","meta":{"footnotes":""},"class_list":["post-10","page","type-page","status-publish","hentry"],"jetpack_sharing_enabled":true,"_links":{"self":[{"href":"https:\/\/quantumhair.de\/index.php?rest_route=\/wp\/v2\/pages\/10","targetHints":{"allow":["GET"]}}],"collection":[{"href":"https:\/\/quantumhair.de\/index.php?rest_route=\/wp\/v2\/pages"}],"about":[{"href":"https:\/\/quantumhair.de\/index.php?rest_route=\/wp\/v2\/types\/page"}],"author":[{"embeddable":true,"href":"https:\/\/quantumhair.de\/index.php?rest_route=\/wp\/v2\/users\/1"}],"replies":[{"embeddable":true,"href":"https:\/\/quantumhair.de\/index.php?rest_route=%2Fwp%2Fv2%2Fcomments&post=10"}],"version-history":[{"count":5,"href":"https:\/\/quantumhair.de\/index.php?rest_route=\/wp\/v2\/pages\/10\/revisions"}],"predecessor-version":[{"id":149,"href":"https:\/\/quantumhair.de\/index.php?rest_route=\/wp\/v2\/pages\/10\/revisions\/149"}],"wp:attachment":[{"href":"https:\/\/quantumhair.de\/index.php?rest_route=%2Fwp%2Fv2%2Fmedia&parent=10"}],"curies":[{"name":"wp","href":"https:\/\/api.w.org\/{rel}","templated":true}]}}