{"id":12,"date":"2016-03-25T14:32:52","date_gmt":"2016-03-25T13:32:52","guid":{"rendered":"http:\/\/quantumhair.de\/?page_id=12"},"modified":"2020-12-27T19:09:55","modified_gmt":"2020-12-27T18:09:55","slug":"jobs-kooperation","status":"publish","type":"page","link":"https:\/\/quantumhair.de\/?page_id=12","title":{"rendered":"Jobs &#038; Kooperation"},"content":{"rendered":"<p><strong>Wir<\/strong> verstehen uns als ein <strong>freies<\/strong> und <strong>faires<\/strong> <strong>Kleinunternehmen<\/strong> <strong>mit hohen Idealen<\/strong> und <strong>einer ausgepr\u00e4gten Philosophie<\/strong>. Die <strong>Handwerkskunst sehen wir als Passion<\/strong>, die uns stets voranbringt sowie wir diese.<\/p>\n<p>Eine Entwicklung ist nie abgeschlossen. Deshalb haben wir viele interessante Konzeptideen, die f\u00fcr andere Firmen und freie Mitarbeiter interessant sind. Mittels dieser wollen wir kooperativ und risikolos neue Ideen umsetzen.<\/p>\n<p class=\"Standard1\">Wir bieten unabh\u00e4ngigen Friseuren die M\u00f6glichkeit sich ohne gro\u00dfes Risiko zu verwirklichen.<br \/>\n\u201ePlacesharing\u201c oder auch Stuhlmiete lohnt sich f\u00fcr alle, die f\u00fcr Ihre Leistung gerecht entlohnt werden wollen &#8211; f\u00fcr kreative K\u00f6pfe mit Liebe zum Beruf und Jungmeister auf dem Weg zur Selbstverwirklichung. Auch weitere Kooperationen und Konzeptionen sind denkbar und gerne erw\u00fcnscht.<\/p>\n<p>Wir suchen also jederzeit nach Friseuren, die diese Voraussetzungen erf\u00fcllen.<\/p>\n<p class=\"Standard1\">F\u00fcr weitere Infos diesbez\u00fcglich kontaktieren Sie uns gern.<\/p>\n<p>F\u00fcr Vorgespr\u00e4che und ersten Kontakt bitten wir um Kontakt \u00fcber E-Mail unter <a href=\"mailto:message@quantumhair.de\">message@quantumhair.de<\/a> oder telefonische Terminvereinbarung unter 0421\/22295843.<\/p>\n","protected":false},"excerpt":{"rendered":"<p>Wir verstehen uns als ein freies und faires Kleinunternehmen mit hohen Idealen und einer ausgepr\u00e4gten Philosophie. Die Handwerkskunst sehen wir als Passion, die uns stets voranbringt sowie wir diese. Eine Entwicklung ist nie abgeschlossen. Deshalb haben wir viele interessante Konzeptideen, die f\u00fcr andere Firmen und freie Mitarbeiter interessant sind. Mittels dieser wollen wir kooperativ und<a href=\"https:\/\/quantumhair.de\/?page_id=12\">[&#8230;]<\/a><\/p>\n","protected":false},"author":1,"featured_media":0,"parent":0,"menu_order":0,"comment_status":"closed","ping_status":"closed","template":"","meta":{"footnotes":""},"class_list":["post-12","page","type-page","status-publish","hentry"],"jetpack_sharing_enabled":true,"_links":{"self":[{"href":"https:\/\/quantumhair.de\/index.php?rest_route=\/wp\/v2\/pages\/12","targetHints":{"allow":["GET"]}}],"collection":[{"href":"https:\/\/quantumhair.de\/index.php?rest_route=\/wp\/v2\/pages"}],"about":[{"href":"https:\/\/quantumhair.de\/index.php?rest_route=\/wp\/v2\/types\/page"}],"author":[{"embeddable":true,"href":"https:\/\/quantumhair.de\/index.php?rest_route=\/wp\/v2\/users\/1"}],"replies":[{"embeddable":true,"href":"https:\/\/quantumhair.de\/index.php?rest_route=%2Fwp%2Fv2%2Fcomments&post=12"}],"version-history":[{"count":6,"href":"https:\/\/quantumhair.de\/index.php?rest_route=\/wp\/v2\/pages\/12\/revisions"}],"predecessor-version":[{"id":460,"href":"https:\/\/quantumhair.de\/index.php?rest_route=\/wp\/v2\/pages\/12\/revisions\/460"}],"wp:attachment":[{"href":"https:\/\/quantumhair.de\/index.php?rest_route=%2Fwp%2Fv2%2Fmedia&parent=12"}],"curies":[{"name":"wp","href":"https:\/\/api.w.org\/{rel}","templated":true}]}}