{"id":296,"date":"2017-11-27T12:57:59","date_gmt":"2017-11-27T11:57:59","guid":{"rendered":"https:\/\/quantumhair.de\/?page_id=296"},"modified":"2017-11-27T13:03:32","modified_gmt":"2017-11-27T12:03:32","slug":"membercard","status":"publish","type":"page","link":"https:\/\/quantumhair.de\/?page_id=296","title":{"rendered":"Membercard"},"content":{"rendered":"<p><strong><u>Membercard (Bonus, Rabatte, spezielle Aktionen):<\/u><\/strong><\/p>\n<p>Die Membercard rechnet f\u00fcr Sie automatisch mit und vergibt Ihnen Bonus und Rabatte. Sie erhalten bei jeder Zahlung doppelten Rabatt, einmal in Form eines direkt verrechneten Rabattes von 5% und einer Punkteanrechnung. Bei 10 \u20ac werden Ihnen 100 Punkte gutgeschrieben. 100 Punkte entsprechen 1 \u20ac. Auch ist diese Karte als Gutscheinkarte zu verwenden und weiterhin vielseitig einsetzbar.<br \/>\n<strong><u>Im Anschaffungspreis sind 10 \u20ac Pfand enthalten und 10 \u20ac unverbindliches Jahresabo.<br \/>\n<\/u><\/strong>Wenn Sie die Karte nicht mehr nutzen m\u00f6chten, erstatten wir Ihnen den Pfand zur\u00fcck.<\/p>\n<p><strong><u>Vorteile:<\/u><\/strong><strong>\u00a0<\/strong><\/p>\n<ul>\n<li><strong>exklusive elektronische Kunden- \/ Bonus- \/ Gutschein-\/ Visitenkarte <\/strong><\/li>\n<li><strong>jede neu erworbene Membercard ist bereits mit 300 Punkten aufgeladen<\/strong><\/li>\n<li><strong>alle Rabatte gelten nur f\u00fcr Besitzer unserer Membercard<\/strong><\/li>\n<li><strong>einl\u00f6sbar ab 1000 Punkten<\/strong><\/li>\n<li><strong>Zusatzpunkte in unterschiedlichen Aktionen sammelbar<\/strong><\/li>\n<li><strong>100 Punkte haben einen Gegenwert von 1 \u20ac<\/strong><\/li>\n<li><strong>Schonung der Umwelt durch digitale Erfassung und Wertung (kein Papier, keine Tinte!)<\/strong><\/li>\n<li><strong>5% Nachlass direkt f\u00fcr jede Dienstleistung<\/strong><\/li>\n<li><strong>besondere Angebote und Aktionen<\/strong><\/li>\n<li><strong>Zusatzkosten f\u00fcr Zahlungen ohne Bargeld entfallen<\/strong><\/li>\n<li><strong>Zusatzkosten f\u00fcr Termine au\u00dferhalb der \u00d6ffnungszeiten entfallen ( nach Absprache)<\/strong><\/li>\n<li><strong>viele individuelle Sparm\u00f6glichkeiten , Angebote, Boni und Rabatte<\/strong><\/li>\n<li><strong>etliche M\u00f6glichkeiten Punkte zu sammeln z.B. :<br \/>\n<\/strong><strong><br \/>\n<\/strong><strong>500 Pkt. in Ihrem Geburtstagsmonat<br \/>\n<\/strong><strong>300 Pkt. als Dank f\u00fcr Ihre Weiterempfehlung<br \/>\n<\/strong><strong><strong>300 Pkt. Als Dank bei der Anschaffung<\/strong><\/strong><\/li>\n<\/ul>\n<p><strong><br \/>\nDer Pfand wird einbehalten sollte die Karte besch\u00e4digt\/ unbrauchbar sein.<\/strong><\/p>\n","protected":false},"excerpt":{"rendered":"<p>Membercard (Bonus, Rabatte, spezielle Aktionen): Die Membercard rechnet f\u00fcr Sie automatisch mit und vergibt Ihnen Bonus und Rabatte. Sie erhalten bei jeder Zahlung doppelten Rabatt, einmal in Form eines direkt verrechneten Rabattes von 5% und einer Punkteanrechnung. Bei 10 \u20ac werden Ihnen 100 Punkte gutgeschrieben. 100 Punkte entsprechen 1 \u20ac. Auch ist diese Karte als<a href=\"https:\/\/quantumhair.de\/?page_id=296\">[&#8230;]<\/a><\/p>\n","protected":false},"author":2,"featured_media":0,"parent":0,"menu_order":0,"comment_status":"closed","ping_status":"closed","template":"","meta":{"footnotes":""},"class_list":["post-296","page","type-page","status-publish","hentry"],"jetpack_sharing_enabled":true,"_links":{"self":[{"href":"https:\/\/quantumhair.de\/index.php?rest_route=\/wp\/v2\/pages\/296","targetHints":{"allow":["GET"]}}],"collection":[{"href":"https:\/\/quantumhair.de\/index.php?rest_route=\/wp\/v2\/pages"}],"about":[{"href":"https:\/\/quantumhair.de\/index.php?rest_route=\/wp\/v2\/types\/page"}],"author":[{"embeddable":true,"href":"https:\/\/quantumhair.de\/index.php?rest_route=\/wp\/v2\/users\/2"}],"replies":[{"embeddable":true,"href":"https:\/\/quantumhair.de\/index.php?rest_route=%2Fwp%2Fv2%2Fcomments&post=296"}],"version-history":[{"count":5,"href":"https:\/\/quantumhair.de\/index.php?rest_route=\/wp\/v2\/pages\/296\/revisions"}],"predecessor-version":[{"id":302,"href":"https:\/\/quantumhair.de\/index.php?rest_route=\/wp\/v2\/pages\/296\/revisions\/302"}],"wp:attachment":[{"href":"https:\/\/quantumhair.de\/index.php?rest_route=%2Fwp%2Fv2%2Fmedia&parent=296"}],"curies":[{"name":"wp","href":"https:\/\/api.w.org\/{rel}","templated":true}]}}