{"id":42,"date":"2016-03-25T14:53:07","date_gmt":"2016-03-25T13:53:07","guid":{"rendered":"http:\/\/quantumhair.de\/?page_id=42"},"modified":"2020-04-30T22:31:44","modified_gmt":"2020-04-30T20:31:44","slug":"philosophie","status":"publish","type":"page","link":"https:\/\/quantumhair.de\/?page_id=42","title":{"rendered":"Ideologie"},"content":{"rendered":"<h2>Namensfindung\/Ideologie<\/h2>\n<p>Wenn man unter Wikipedia schaut wird man viele in Beziehung stehende Begriffe mit dem Wort Quant finden. Vereinfacht gesagt beinhaltet das \u201eQuantendenken\u201c die Beeinflussung vom kleinsten Teile auf das Gro\u00dfe und anders herum, Dualit\u00e4t und unendliche M\u00f6glichkeiten lassen neue Forschungsgebiete und Technik entstehen und werden zuk\u00fcnftig immer mehr unser Verst\u00e4ndnis \u00fcber Materie pr\u00e4gen.<\/p>\n<p>Morderne, individuelle, ganzheitliche und nachhaltige Arbeitsweise ist also der Kern dieser Bezugnahme.<\/p>\n<p>Das Wort Quant ist Latein und bedeuted \u00fcbersetzt &#8220; gro\u00df\/viel&#8220; , was ein Schwerpunkt f\u00fcr Unser Angebot aufzeigt. Bei Haarverlust k\u00f6nnen wir Sie kompetent Analysieren, Beraten und mit entsprechenden Tips, Produkten sowie geb\u00fcndeltem, rotem Licht behandeln (Softlaser). Auch sind wir bestrebt die Haar- und Kopfhautgesundheit aufrecht zu halten oder zu f\u00f6rdern. F\u00fcr dichtes, schwer kontrollierbares Haar haben wir auch etliche L\u00f6sungen wie Keratingl\u00e4ttung oder moderne Arbeitsger\u00e4te um entsprechend Form und frisierf\u00e4higkeit zu verbessern.<\/p>\n<p>Immer im Vordergrund stehen \u00f6kologisches und \u00f6konomisches Denken und Handeln. So waren wir Vorreiter in Bremen, was nachhaltige, vegane Inhaltsstoffe und Verpackungen, sowie optimierte Arbeitsprozesse angeht.<\/p>\n","protected":false},"excerpt":{"rendered":"<p>Namensfindung\/Ideologie Wenn man unter Wikipedia schaut wird man viele in Beziehung stehende Begriffe mit dem Wort Quant finden. Vereinfacht gesagt beinhaltet das \u201eQuantendenken\u201c die Beeinflussung vom kleinsten Teile auf das Gro\u00dfe und anders herum, Dualit\u00e4t und unendliche M\u00f6glichkeiten lassen neue Forschungsgebiete und Technik entstehen und werden zuk\u00fcnftig immer mehr unser Verst\u00e4ndnis \u00fcber Materie pr\u00e4gen. Morderne,<a href=\"https:\/\/quantumhair.de\/?page_id=42\">[&#8230;]<\/a><\/p>\n","protected":false},"author":1,"featured_media":0,"parent":0,"menu_order":0,"comment_status":"closed","ping_status":"closed","template":"","meta":{"footnotes":""},"class_list":["post-42","page","type-page","status-publish","hentry"],"jetpack_sharing_enabled":true,"_links":{"self":[{"href":"https:\/\/quantumhair.de\/index.php?rest_route=\/wp\/v2\/pages\/42","targetHints":{"allow":["GET"]}}],"collection":[{"href":"https:\/\/quantumhair.de\/index.php?rest_route=\/wp\/v2\/pages"}],"about":[{"href":"https:\/\/quantumhair.de\/index.php?rest_route=\/wp\/v2\/types\/page"}],"author":[{"embeddable":true,"href":"https:\/\/quantumhair.de\/index.php?rest_route=\/wp\/v2\/users\/1"}],"replies":[{"embeddable":true,"href":"https:\/\/quantumhair.de\/index.php?rest_route=%2Fwp%2Fv2%2Fcomments&post=42"}],"version-history":[{"count":5,"href":"https:\/\/quantumhair.de\/index.php?rest_route=\/wp\/v2\/pages\/42\/revisions"}],"predecessor-version":[{"id":447,"href":"https:\/\/quantumhair.de\/index.php?rest_route=\/wp\/v2\/pages\/42\/revisions\/447"}],"wp:attachment":[{"href":"https:\/\/quantumhair.de\/index.php?rest_route=%2Fwp%2Fv2%2Fmedia&parent=42"}],"curies":[{"name":"wp","href":"https:\/\/api.w.org\/{rel}","templated":true}]}}