{"id":569,"date":"2022-11-21T22:29:22","date_gmt":"2022-11-21T21:29:22","guid":{"rendered":"https:\/\/quantumhair.de\/?page_id=569"},"modified":"2022-11-25T20:55:53","modified_gmt":"2022-11-25T19:55:53","slug":"quantum-hair-newsflash","status":"publish","type":"page","link":"https:\/\/quantumhair.de\/?page_id=569","title":{"rendered":"Quantum Hair Newsflash"},"content":{"rendered":"\n<p>Quantum Hair Newsflash Jahresende 2022<\/p>\n\n\n\n<p>Das Jahr ist so schnell vergangen, wir h\u00e4ngen glaub ich alle noch der Zeit hinterher und trauern dem tollen Sommer nach. Nun ist bald schon Weihnachten\u2026 es sind auch fast keine Termine mehr f\u00fcr die Vorweihnachtszeit zu haben. Meldet euch gern noch um auch die letzten L\u00fccken zu stopfen.<\/p>\n\n\n\n<p>Ich w\u00fcnsche Euch allen, dass Ihr Dezember gesund und ohne pers\u00f6nliche Ereignisse durchsteht.<\/p>\n\n\n\n<p>Wir hatten davon alle dies Jahr genug. In der Woche vom 31. Oktober war die erste und einzige Woche ohne t\u00e4gliche, spontane Ausf\u00e4lle. Ich habe dies Jahr dadurch wirklich Geld und Nerven verloren\u2026 ich kann eines jeden Schicksal verstehen und habe es immer versucht menschlich zu l\u00f6sen, am Ende habe ich den Schaden. Die Regel wer nicht 24 Stunden vorher absagt muss die Terminzeit ersetzen. Dies gilt bei jedem, der diese Regel nicht einhalten kann, aus egal welchen Gr\u00fcnden.<\/p>\n\n\n\n<p>Wie es auch \u00c4rzte, Fu\u00dfpfleger und andere Dienstleister machen, die von Ihren Terminvereinbarungen leben.<\/p>\n\n\n\n<p>Auch mit dem Warenfluss hat es dies Jahr au\u00dfergew\u00f6hnlich schlecht geklappt. Was oft nachgefragt wurde, war und ist oft nicht zu bekommen.<\/p>\n\n\n\n<p>Die Kosten steigen st\u00e4ndig und jeder m\u00f6chte p\u00fcnktlich bedient werden, aber durch die Verluste dies Jahr aus oben genannten Gr\u00fcnden ist es weiterhin f\u00fcr mich schwierig, sogar besorgniserregend.<\/p>\n\n\n\n<p>Ich versuche alles aber merke, dass ich am Ende der Kette davon abh\u00e4ngig bin, dass es bei jedem funktioniert. Jeder versucht dann wieder auf ein \u201eNormal\u201c zu kommen und seine Probleme zu l\u00f6sen, f\u00fcr mich bleibt der Ausfall bestehen. Seit einfach vor- und umsichtig und meldet Euch so fr\u00fch wie m\u00f6glich, sollte etwas sein und seht bitte, dass die Ereigniskette nicht bei Euch beendet ist. Danke.<\/p>\n\n\n\n<p>Dezember werden also wieder die Preise steigen m\u00fcssen. Zun\u00e4chst 1\u20ac, ich wei\u00df aber nicht wie lange das funktioniert.<\/p>\n\n\n\n<p>Meine Lieben zu allem \u00dcbel sollte uns stets Dankbarkeit und Andacht begleiten, wie gut es uns trotz allem dennoch geht, wie privilegiert wir sind, wie au\u00dfergew\u00f6hnlich gut wir es lange hatten.<\/p>\n\n\n\n<p>Ich denke wir sollte uns nicht selbst gerechter werden, sondern uns wieder mehr als Einheit verstehen, die voneinander abh\u00e4ngig ist, Dinge und Prozesse noch effizienter denken, Verantwortung \u00fcbernehmen und \u00fcberlegen, was wirklich wichtig und n\u00fctzlich ist\u2026<\/p>\n\n\n\n<p>Und in diesem Sinne w\u00fcnsche ich Euch die gute, festliche Zeit in gemeinschaftlicher Liebe, Besinnung, W\u00e4rme und den guten Dinge die uns die Welt so bietet.<\/p>\n\n\n\n<p>Ich danke jedem von Euch f\u00fcr seine Treue, f\u00fcr Eure Worte und Taten. Ich kenne viele von Euch nun schon auch eine Zeit lang und habe Euch in mein Herz geschlossen, das sollt Ihr wissen und ich glaube, die richtigen f\u00fchlen sich angesprochen.<\/p>\n\n\n\n<p>Lasst uns ein guten Ausklang 2022 haben und tun was jeder Einzelne kann um das n\u00e4chste Jahr so gut wie m\u00f6glich gestalten.<\/p>\n\n\n\n<p>Euer Mar<\/p>\n","protected":false},"excerpt":{"rendered":"<p>Quantum Hair Newsflash Jahresende 2022 Das Jahr ist so schnell vergangen, wir h\u00e4ngen glaub ich alle noch der Zeit hinterher und trauern dem tollen Sommer nach. Nun ist bald schon Weihnachten\u2026 es sind auch fast keine Termine mehr f\u00fcr die Vorweihnachtszeit zu haben. Meldet euch gern noch um auch die letzten L\u00fccken zu stopfen. Ich<a href=\"https:\/\/quantumhair.de\/?page_id=569\">[&#8230;]<\/a><\/p>\n","protected":false},"author":1,"featured_media":0,"parent":0,"menu_order":0,"comment_status":"closed","ping_status":"closed","template":"","meta":{"footnotes":""},"class_list":["post-569","page","type-page","status-publish","hentry"],"jetpack_sharing_enabled":true,"_links":{"self":[{"href":"https:\/\/quantumhair.de\/index.php?rest_route=\/wp\/v2\/pages\/569","targetHints":{"allow":["GET"]}}],"collection":[{"href":"https:\/\/quantumhair.de\/index.php?rest_route=\/wp\/v2\/pages"}],"about":[{"href":"https:\/\/quantumhair.de\/index.php?rest_route=\/wp\/v2\/types\/page"}],"author":[{"embeddable":true,"href":"https:\/\/quantumhair.de\/index.php?rest_route=\/wp\/v2\/users\/1"}],"replies":[{"embeddable":true,"href":"https:\/\/quantumhair.de\/index.php?rest_route=%2Fwp%2Fv2%2Fcomments&post=569"}],"version-history":[{"count":4,"href":"https:\/\/quantumhair.de\/index.php?rest_route=\/wp\/v2\/pages\/569\/revisions"}],"predecessor-version":[{"id":585,"href":"https:\/\/quantumhair.de\/index.php?rest_route=\/wp\/v2\/pages\/569\/revisions\/585"}],"wp:attachment":[{"href":"https:\/\/quantumhair.de\/index.php?rest_route=%2Fwp%2Fv2%2Fmedia&parent=569"}],"curies":[{"name":"wp","href":"https:\/\/api.w.org\/{rel}","templated":true}]}}