{"id":587,"date":"2023-05-08T06:31:04","date_gmt":"2023-05-08T04:31:04","guid":{"rendered":"https:\/\/quantumhair.de\/?page_id=587"},"modified":"2023-05-08T06:59:17","modified_gmt":"2023-05-08T04:59:17","slug":"allgmeine-geschaeftsbedingungen","status":"publish","type":"page","link":"https:\/\/quantumhair.de\/?page_id=587","title":{"rendered":"Allgmeine Gesch\u00e4ftsbedingungen"},"content":{"rendered":"\n<p>1.<br>Terminvereinbarung<br><br>(a) Der Kunde vereinbart einen Termin im Voraus und gibt alle erforderlichen Informationen an, damit der Friseur die Dienstleistung entsprechend planen und durchf\u00fchren kann.<br>(b) Bei einer Versp\u00e4tung von mehr als 15 Minuten kann der Termin m\u00f6glicherweise storniert werden oder der Friseur kann den Umfang der durchgef\u00fchrten Dienstleistungen anpassen, um den Zeitplan einzuhalten.<br><br>2.<br>Dienstleistungen<br><br>(a) Der Friseur erbringt die vereinbarten Dienstleistungen in \u00dcbereinstimmung mit den geltenden Standards.<br>(b) Der Friseur beh\u00e4lt sich das Recht vor, die Dienstleistung zu verweigern oder abzubrechen, wenn der Kunde unangemessenes Verhalten zeigt oder unter Einfluss von Alkohol oder Drogen steht.<br>(c) Der Friseur haftet nicht f\u00fcr Sch\u00e4den, die dem Kunden aufgrund von Allergien oder anderen Unvertr\u00e4glichkeiten entstehen.<br>(d) Wurden minderwertige Proukte benutzt, die Aufgrund ihrer Inhatsstoffe zu Problemen in der Behandlung f\u00fchren ent\u00e4llt auch hier eine Haftung<\/p>\n\n\n\n<p>3.<br>Preise und Zahlungen<br><br>(a) Der Friseur informiert den Kunden \u00fcber die Preise der angebotenen Dienstleistungen entweder im Gespr\u00e4ch oder \u00fcber die <a href=\"https:\/\/quantumhair.de\/?page_id=26\">Preisliste<\/a><br>(b) Der Kunde zahlt f\u00fcr die durchgef\u00fchrten Dienstleistungen und Material angelehnt an <a href=\"https:\/\/quantumhair.de\/?page_id=26\">Preisliste <\/a>und Preisabsprache <\/p>\n\n\n\n<p>4.<br>Stornierungsbedingungen<br><br>(a) Der Kunde muss Termine mindestens 24 Stunden im Voraus stornieren, um eine Stornogeb\u00fchr zu vermeiden.<br>(b) Wenn der Kunde den Termin nicht storniert und nicht erscheint, kann der Friseur eine Stornogeb\u00fchr erheben oder den Kunden auf eine schwarze Liste setzen.<br>(c) Der Friseur beh\u00e4lt sich das Recht vor, Termine selbst zu stornieren oder zu verschieben, wenn unvorhergesehene Umst\u00e4nde eintreten.<br><br>5.<br>Datenschutz<br><br>(a) Der Friseur sammelt Daten nur zu Zwecken der Dienstleistungserbringung und speichert diese entsprechend den geltenden Datenschutzbestimmungen.<br>(b) Der Friseur gibt keine vertraulichen Informationen an Dritte weiter, es sei denn, dies ist gesetzlich vorgeschrieben oder der Kunde stimmt ausdr\u00fccklich zu.<br><br>6.<br>Beschwerden und R\u00fccknahmen<br><br>(a) Wenn der Kunde unzufrieden mit der erbrachten Dienstleistung ist, sollte er dies unverz\u00fcglich dem Friseur mitteilen.<br>(b) Der Friseur wird auf Beschwerden und Anliegen des Kunden eingehen und L\u00f6sungen anbieten, um die Kundenzufriedenheit sicherzustellen.<\/p>\n","protected":false},"excerpt":{"rendered":"<p>1.Terminvereinbarung (a) Der Kunde vereinbart einen Termin im Voraus und gibt alle erforderlichen Informationen an, damit der Friseur die Dienstleistung entsprechend planen und durchf\u00fchren kann.(b) Bei einer Versp\u00e4tung von mehr als 15 Minuten kann der Termin m\u00f6glicherweise storniert werden oder der Friseur kann den Umfang der durchgef\u00fchrten Dienstleistungen anpassen, um den Zeitplan einzuhalten. 2.Dienstleistungen (a)<a href=\"https:\/\/quantumhair.de\/?page_id=587\">[&#8230;]<\/a><\/p>\n","protected":false},"author":6,"featured_media":0,"parent":2,"menu_order":1,"comment_status":"closed","ping_status":"closed","template":"","meta":{"footnotes":""},"class_list":["post-587","page","type-page","status-publish","hentry"],"jetpack_sharing_enabled":true,"_links":{"self":[{"href":"https:\/\/quantumhair.de\/index.php?rest_route=\/wp\/v2\/pages\/587","targetHints":{"allow":["GET"]}}],"collection":[{"href":"https:\/\/quantumhair.de\/index.php?rest_route=\/wp\/v2\/pages"}],"about":[{"href":"https:\/\/quantumhair.de\/index.php?rest_route=\/wp\/v2\/types\/page"}],"author":[{"embeddable":true,"href":"https:\/\/quantumhair.de\/index.php?rest_route=\/wp\/v2\/users\/6"}],"replies":[{"embeddable":true,"href":"https:\/\/quantumhair.de\/index.php?rest_route=%2Fwp%2Fv2%2Fcomments&post=587"}],"version-history":[{"count":3,"href":"https:\/\/quantumhair.de\/index.php?rest_route=\/wp\/v2\/pages\/587\/revisions"}],"predecessor-version":[{"id":593,"href":"https:\/\/quantumhair.de\/index.php?rest_route=\/wp\/v2\/pages\/587\/revisions\/593"}],"up":[{"embeddable":true,"href":"https:\/\/quantumhair.de\/index.php?rest_route=\/wp\/v2\/pages\/2"}],"wp:attachment":[{"href":"https:\/\/quantumhair.de\/index.php?rest_route=%2Fwp%2Fv2%2Fmedia&parent=587"}],"curies":[{"name":"wp","href":"https:\/\/api.w.org\/{rel}","templated":true}]}}